{"id":849,"date":"2025-07-21T13:50:11","date_gmt":"2025-07-21T11:50:11","guid":{"rendered":"https:\/\/chalet-horizon.fr\/?page_id=849"},"modified":"2025-07-21T13:56:56","modified_gmt":"2025-07-21T11:56:56","slug":"remerciement","status":"publish","type":"page","link":"https:\/\/chalet-horizon.fr\/en\/remerciement\/","title":{"rendered":"Remerciement"},"content":{"rendered":"<style>.kadence-column849_d98f76-15 > .kt-inside-inner-col{display:flex;}.kadence-column849_d98f76-15{max-width:100%;margin-left:auto;margin-right:auto;}.wp-block-kadence-column.kb-section-dir-horizontal:not(.kb-section-md-dir-vertical)>.kt-inside-inner-col>.kadence-column849_d98f76-15{-webkit-flex:0 1 100%;flex:0 1 100%;max-width:unset;margin-left:unset;margin-right:unset;}.kadence-column849_d98f76-15 > .kt-inside-inner-col{min-height:50vh;}.kadence-column849_d98f76-15 > .kt-inside-inner-col,.kadence-column849_d98f76-15 > .kt-inside-inner-col:before{border-top-left-radius:0px;border-top-right-radius:0px;border-bottom-right-radius:0px;border-bottom-left-radius:0px;}.kadence-column849_d98f76-15 > .kt-inside-inner-col{column-gap:var(--global-kb-gap-sm, 1rem);}.kadence-column849_d98f76-15 > .kt-inside-inner-col{flex-direction:column;justify-content:center;align-items:center;}.kadence-column849_d98f76-15 > .kt-inside-inner-col > .kb-image-is-ratio-size{align-self:stretch;}.kadence-column849_d98f76-15 > .kt-inside-inner-col > .wp-block-kadence-advancedgallery{align-self:stretch;}.kadence-column849_d98f76-15 > .kt-inside-inner-col > .aligncenter{width:100%;}.kt-row-column-wrap > .kadence-column849_d98f76-15{align-self:center;}.kt-inner-column-height-full:not(.kt-has-1-columns) > .wp-block-kadence-column.kadence-column849_d98f76-15{align-self:auto;}.kt-inner-column-height-full:not(.kt-has-1-columns) > .wp-block-kadence-column.kadence-column849_d98f76-15 > .kt-inside-inner-col{flex-direction:column;justify-content:center;}.kadence-column849_d98f76-15 > .kt-inside-inner-col{background-image:url('https:\/\/chalet-horizon.fr\/wp-content\/uploads\/2025\/07\/Frame-1.jpg');background-size:cover;background-position:center center;background-attachment:scroll;background-repeat:no-repeat;}.kadence-column849_d98f76-15 > .kt-inside-inner-col:before{opacity:0.3;}.kadence-column849_d98f76-15{position:relative;}@media all and (min-width: 1025px){.wp-block-kadence-column.kb-section-dir-horizontal>.kt-inside-inner-col>.kadence-column849_d98f76-15{-webkit-flex:0 1 100%;flex:0 1 100%;max-width:unset;margin-left:unset;margin-right:unset;}}@media all and (max-width: 1024px){.kt-row-column-wrap > .kadence-column849_d98f76-15{align-self:center;}}@media all and (max-width: 1024px){.kt-inner-column-height-full:not(.kt-has-1-columns) > .wp-block-kadence-column.kadence-column849_d98f76-15{align-self:auto;}}@media all and (max-width: 1024px){.kt-inner-column-height-full:not(.kt-has-1-columns) > .wp-block-kadence-column.kadence-column849_d98f76-15 > .kt-inside-inner-col{flex-direction:column;justify-content:center;}}@media all and (max-width: 1024px){.kadence-column849_d98f76-15 > .kt-inside-inner-col{flex-direction:column;justify-content:center;align-items:center;}}@media all and (max-width: 767px){.kt-row-column-wrap > .kadence-column849_d98f76-15{align-self:center;}.kt-inner-column-height-full:not(.kt-has-1-columns) > .wp-block-kadence-column.kadence-column849_d98f76-15{align-self:auto;}.kt-inner-column-height-full:not(.kt-has-1-columns) > .wp-block-kadence-column.kadence-column849_d98f76-15 > .kt-inside-inner-col{flex-direction:column;justify-content:center;}.wp-block-kadence-column.kb-section-sm-dir-vertical:not(.kb-section-sm-dir-horizontal):not(.kb-section-sm-dir-specificity)>.kt-inside-inner-col>.kadence-column849_d98f76-15{max-width:100%;-webkit-flex:1;flex:1;margin-left:auto;margin-right:auto;}.kadence-column849_d98f76-15 > .kt-inside-inner-col{flex-direction:column;justify-content:center;align-items:center;}}<\/style>\n<div class=\"wp-block-kadence-column kadence-column849_d98f76-15\"><div class=\"kt-inside-inner-col\"><style>.wp-block-kadence-advancedheading.kt-adv-heading849_618e88-f2, .wp-block-kadence-advancedheading.kt-adv-heading849_618e88-f2[data-kb-block=\"kb-adv-heading849_618e88-f2\"]{text-align:center;font-size:var(--global-kb-font-size-xl, 3rem);font-style:normal;}.wp-block-kadence-advancedheading.kt-adv-heading849_618e88-f2 mark.kt-highlight, .wp-block-kadence-advancedheading.kt-adv-heading849_618e88-f2[data-kb-block=\"kb-adv-heading849_618e88-f2\"] mark.kt-highlight{font-style:normal;color:#f76a0c;-webkit-box-decoration-break:clone;box-decoration-break:clone;padding-top:0px;padding-right:0px;padding-bottom:0px;padding-left:0px;}.wp-block-kadence-advancedheading.kt-adv-heading849_618e88-f2 img.kb-inline-image, .wp-block-kadence-advancedheading.kt-adv-heading849_618e88-f2[data-kb-block=\"kb-adv-heading849_618e88-f2\"] img.kb-inline-image{width:150px;vertical-align:baseline;}@media all and (max-width: 1024px){.wp-block-kadence-advancedheading.kt-adv-heading849_618e88-f2, .wp-block-kadence-advancedheading.kt-adv-heading849_618e88-f2[data-kb-block=\"kb-adv-heading849_618e88-f2\"]{font-size:var(--global-kb-font-size-xxxl, 5rem);}}@media all and (max-width: 767px){.wp-block-kadence-advancedheading.kt-adv-heading849_618e88-f2, .wp-block-kadence-advancedheading.kt-adv-heading849_618e88-f2[data-kb-block=\"kb-adv-heading849_618e88-f2\"]{font-size:40px;}}<\/style>\n<h2 class=\"kt-adv-heading849_618e88-f2 wp-block-kadence-advancedheading has-theme-palette-4-color has-text-color\" data-kb-block=\"kb-adv-heading849_618e88-f2\">R\u00e9servation confirm\u00e9e !<\/h2>\n<\/div><\/div>\n\n\n<style>.kadence-column849_ecea8e-4e > .kt-inside-inner-col{display:flex;}.kadence-column849_ecea8e-4e{max-width:80%;margin-left:auto;margin-right:auto;}.wp-block-kadence-column.kb-section-dir-horizontal:not(.kb-section-md-dir-vertical)>.kt-inside-inner-col>.kadence-column849_ecea8e-4e{-webkit-flex:0 1 80%;flex:0 1 80%;max-width:unset;margin-left:unset;margin-right:unset;}.kadence-column849_ecea8e-4e > .kt-inside-inner-col{padding-top:var(--global-kb-spacing-lg, 3rem);padding-bottom:var(--global-kb-spacing-lg, 3rem);}.kadence-column849_ecea8e-4e > .kt-inside-inner-col,.kadence-column849_ecea8e-4e > .kt-inside-inner-col:before{border-top-left-radius:0px;border-top-right-radius:0px;border-bottom-right-radius:0px;border-bottom-left-radius:0px;}.kadence-column849_ecea8e-4e > .kt-inside-inner-col{column-gap:var(--global-kb-gap-sm, 1rem);}.kadence-column849_ecea8e-4e > .kt-inside-inner-col{flex-direction:column;align-items:center;}.kadence-column849_ecea8e-4e > .kt-inside-inner-col > .kb-image-is-ratio-size{align-self:stretch;}.kadence-column849_ecea8e-4e > .kt-inside-inner-col > .wp-block-kadence-advancedgallery{align-self:stretch;}.kadence-column849_ecea8e-4e > .kt-inside-inner-col > .aligncenter{width:100%;}.kadence-column849_ecea8e-4e > .kt-inside-inner-col:before{opacity:0.3;}.kadence-column849_ecea8e-4e{position:relative;}@media all and (min-width: 1025px){.wp-block-kadence-column.kb-section-dir-horizontal>.kt-inside-inner-col>.kadence-column849_ecea8e-4e{-webkit-flex:0 1 80%;flex:0 1 80%;max-width:unset;margin-left:unset;margin-right:unset;}}@media all and (max-width: 1024px){.kadence-column849_ecea8e-4e > .kt-inside-inner-col{flex-direction:column;justify-content:center;align-items:center;}}@media all and (max-width: 767px){.wp-block-kadence-column.kb-section-sm-dir-vertical:not(.kb-section-sm-dir-horizontal):not(.kb-section-sm-dir-specificity)>.kt-inside-inner-col>.kadence-column849_ecea8e-4e{max-width:80%;-webkit-flex:1;flex:1;margin-left:auto;margin-right:auto;}.kadence-column849_ecea8e-4e > .kt-inside-inner-col{flex-direction:column;justify-content:center;align-items:center;}}<\/style>\n<div class=\"wp-block-kadence-column kadence-column849_ecea8e-4e\"><div class=\"kt-inside-inner-col\">\n<p class=\"has-text-align-center\">Merci pour votre confiance \ud83d\ude4f<br>Nous avons bien re\u00e7u votre r\u00e9servation. Vous allez recevoir un e-mail de confirmation avec tous les d\u00e9tails de votre s\u00e9jour.<br>On a h\u00e2te de vous accueillir !<\/p>\n\n\n<style>.wp-block-kadence-advancedbtn.kb-btns849_309d1c-02{gap:var(--global-kb-gap-xs, 0.5rem );justify-content:center;align-items:center;}.kt-btns849_309d1c-02 .kt-button{font-weight:normal;font-style:normal;}.kt-btns849_309d1c-02 .kt-btn-wrap-0{margin-right:5px;}.wp-block-kadence-advancedbtn.kt-btns849_309d1c-02 .kt-btn-wrap-0 .kt-button{color:#555555;border-color:#555555;}.wp-block-kadence-advancedbtn.kt-btns849_309d1c-02 .kt-btn-wrap-0 .kt-button:hover, .wp-block-kadence-advancedbtn.kt-btns849_309d1c-02 .kt-btn-wrap-0 .kt-button:focus{color:#ffffff;border-color:#444444;}.wp-block-kadence-advancedbtn.kt-btns849_309d1c-02 .kt-btn-wrap-0 .kt-button::before{display:none;}.wp-block-kadence-advancedbtn.kt-btns849_309d1c-02 .kt-btn-wrap-0 .kt-button:hover, .wp-block-kadence-advancedbtn.kt-btns849_309d1c-02 .kt-btn-wrap-0 .kt-button:focus{background:#444444;}<\/style>\n<div class=\"wp-block-kadence-advancedbtn kb-buttons-wrap kb-btns849_309d1c-02\"><style>ul.menu .wp-block-kadence-advancedbtn .kb-btn849_ba62ff-fd.kb-button{width:initial;}<\/style><a class=\"kb-button kt-button button kb-btn849_ba62ff-fd kt-btn-size-standard kt-btn-width-type-auto kb-btn-global-fill  kt-btn-has-text-true kt-btn-has-svg-false  wp-block-kadence-singlebtn\" href=\"https:\/\/chalet-horizon.fr\/\"><span class=\"kt-btn-inner-text\">Revenir \u00e0 l&rsquo;accueil<\/span><\/a><\/div>\n<\/div><\/div>\n","protected":false},"excerpt":{"rendered":"<p>R\u00e9servation confirm\u00e9e ! Merci pour votre confiance \ud83d\ude4fNous avons bien re\u00e7u votre r\u00e9servation. Vous allez recevoir un e-mail de confirmation avec tous les d\u00e9tails de votre s\u00e9jour.On a h\u00e2te de vous accueillir !<\/p>","protected":false},"author":1,"featured_media":0,"parent":0,"menu_order":0,"comment_status":"closed","ping_status":"closed","template":"","meta":{"_kad_blocks_custom_css":"","_kad_blocks_head_custom_js":"","_kad_blocks_body_custom_js":"","_kad_blocks_footer_custom_js":"","_kad_post_transparent":"","_kad_post_title":"","_kad_post_layout":"","_kad_post_sidebar_id":"","_kad_post_content_style":"","_kad_post_vertical_padding":"","_kad_post_feature":"","_kad_post_feature_position":"","_kad_post_header":false,"_kad_post_footer":false,"_kad_post_classname":"","footnotes":""},"class_list":["post-849","page","type-page","status-publish","hentry"],"taxonomy_info":[],"featured_image_src_large":false,"author_info":{"display_name":"chalet-horizon.fr","author_link":"https:\/\/chalet-horizon.fr\/en\/author\/chalet-horizon-fr\/"},"comment_info":0,"_links":{"self":[{"href":"https:\/\/chalet-horizon.fr\/en\/wp-json\/wp\/v2\/pages\/849","targetHints":{"allow":["GET"]}}],"collection":[{"href":"https:\/\/chalet-horizon.fr\/en\/wp-json\/wp\/v2\/pages"}],"about":[{"href":"https:\/\/chalet-horizon.fr\/en\/wp-json\/wp\/v2\/types\/page"}],"author":[{"embeddable":true,"href":"https:\/\/chalet-horizon.fr\/en\/wp-json\/wp\/v2\/users\/1"}],"replies":[{"embeddable":true,"href":"https:\/\/chalet-horizon.fr\/en\/wp-json\/wp\/v2\/comments?post=849"}],"version-history":[{"count":2,"href":"https:\/\/chalet-horizon.fr\/en\/wp-json\/wp\/v2\/pages\/849\/revisions"}],"predecessor-version":[{"id":852,"href":"https:\/\/chalet-horizon.fr\/en\/wp-json\/wp\/v2\/pages\/849\/revisions\/852"}],"wp:attachment":[{"href":"https:\/\/chalet-horizon.fr\/en\/wp-json\/wp\/v2\/media?parent=849"}],"curies":[{"name":"wp","href":"https:\/\/api.w.org\/{rel}","templated":true}]}}